{"id":15702,"date":"2025-03-10T16:10:38","date_gmt":"2025-03-10T15:10:38","guid":{"rendered":"https:\/\/danechristmastree.com\/?page_id=15702"},"modified":"2025-03-17T11:31:15","modified_gmt":"2025-03-17T10:31:15","slug":"formularz-kontaktowy","status":"publish","type":"page","link":"https:\/\/danechristmastree.com\/pl\/formularz-kontaktowy\/","title":{"rendered":"Formularz kontaktowy"},"content":{"rendered":"[vc_row type=&#8221;in_container&#8221; full_screen_row_position=&#8221;middle&#8221; column_margin=&#8221;default&#8221; column_direction=&#8221;default&#8221; column_direction_tablet=&#8221;default&#8221; column_direction_phone=&#8221;default&#8221; scene_position=&#8221;center&#8221; text_color=&#8221;dark&#8221; text_align=&#8221;left&#8221; row_border_radius=&#8221;none&#8221; row_border_radius_applies=&#8221;bg&#8221; overlay_strength=&#8221;0.3&#8243; gradient_direction=&#8221;left_to_right&#8221; shape_divider_position=&#8221;bottom&#8221; bg_image_animation=&#8221;none&#8221;][vc_column column_padding=&#8221;no-extra-padding&#8221; column_padding_tablet=&#8221;inherit&#8221; column_padding_phone=&#8221;inherit&#8221; column_padding_position=&#8221;all&#8221; background_color_opacity=&#8221;1&#8243; background_hover_color_opacity=&#8221;1&#8243; column_shadow=&#8221;none&#8221; column_border_radius=&#8221;none&#8221; column_link_target=&#8221;_self&#8221; gradient_direction=&#8221;left_to_right&#8221; overlay_strength=&#8221;0.3&#8243; width=&#8221;1\/1&#8243; tablet_width_inherit=&#8221;default&#8221; tablet_text_alignment=&#8221;default&#8221; phone_text_alignment=&#8221;default&#8221; column_border_width=&#8221;none&#8221; column_border_style=&#8221;solid&#8221; bg_image_animation=&#8221;none&#8221;][vc_column_text]\n<h1 style=\"text-align: center;\">Formularz kontaktowy<\/h1>\n<p style=\"text-align: center;\">Wype\u0142nij formularz, aby zapisa\u0107 si\u0119 na nasz\u0105 list\u0119 mailingow\u0105 i otrzymywa\u0107 listy ofert oraz informacje o naszych wysokiej jako\u015bci drzewkach \u015bwi\u0105tecznych.<\/p>\n[\/vc_column_text][\/vc_column][\/vc_row][vc_row type=&#8221;in_container&#8221; full_screen_row_position=&#8221;middle&#8221; column_margin=&#8221;default&#8221; column_direction=&#8221;default&#8221; column_direction_tablet=&#8221;default&#8221; column_direction_phone=&#8221;default&#8221; scene_position=&#8221;center&#8221; text_color=&#8221;dark&#8221; text_align=&#8221;left&#8221; row_border_radius=&#8221;none&#8221; row_border_radius_applies=&#8221;bg&#8221; overlay_strength=&#8221;0.3&#8243; gradient_direction=&#8221;left_to_right&#8221; shape_divider_position=&#8221;bottom&#8221; bg_image_animation=&#8221;none&#8221;][vc_column column_padding=&#8221;padding-20-percent&#8221; column_padding_tablet=&#8221;padding-5-percent&#8221; column_padding_phone=&#8221;no-extra-padding&#8221; column_padding_position=&#8221;left-right&#8221; centered_text=&#8221;true&#8221; background_color_opacity=&#8221;1&#8243; background_hover_color_opacity=&#8221;1&#8243; column_shadow=&#8221;none&#8221; column_border_radius=&#8221;none&#8221; column_link_target=&#8221;_self&#8221; gradient_direction=&#8221;left_to_right&#8221; overlay_strength=&#8221;0.3&#8243; width=&#8221;1\/1&#8243; tablet_width_inherit=&#8221;default&#8221; tablet_text_alignment=&#8221;default&#8221; phone_text_alignment=&#8221;default&#8221; column_border_width=&#8221;none&#8221; column_border_style=&#8221;solid&#8221; bg_image_animation=&#8221;none&#8221;][vc_column_text]<div\r\n\t\t\t\tid=\"hustle-embedded-id-3\"\r\n\t\t\t\tclass=\"hustle-ui hustle-inline hustle-palette--midnight hustle_module_id_3 module_id_3   hustle-show-this-module\"\r\n\t\t\t\t\r\n\t\t\tdata-id=\"3\"\r\n\t\t\tdata-render-id=\"0\"\r\n\t\t\tdata-tracking=\"disabled\"\r\n\t\t\t\r\n\t\t\t\tdata-intro=\"no_animation\"\r\n\t\t\t\tdata-sub-type=\"shortcode\"\r\n\t\t\t\t\r\n\t\t\t\tstyle=\"opacity: 0;\"\r\n\t\t\t\taria-label=\" popup\"\r\n\t\t\t><div class=\"hustle-inline-content\"><div class=\"hustle-optin hustle-optin--focus-optin\"><div class=\"hustle-success\" data-close-delay=\"5000\" style=\"display: none;\"><span class=\"hustle-icon-check\" aria-hidden=\"true\"><\/span><div class=\"hustle-success-content\"><\/div><\/div><div class=\"hustle-layout\"><div class=\"hustle-main-wrapper\"><div class=\"hustle-layout-body\"><form class=\"hustle-layout-form\" novalidate=\"novalidate\"><div class=\"hustle-form\"><div class=\"hustle-form-fields hustle-proximity-separated\"><div class=\"hustle-field hustle-field-icon--static \"><label for=\"hustle-field-name-module-3\" id=\"hustle-field-name-module-3-label\" class=\"hustle-screen-reader\">Name<\/label><input id=\"hustle-field-name-module-3\" type=\"name\" class=\"hustle-input \" name=\"name\" value=\"\" aria-labelledby=\"hustle-field-name-module-3-label\" data-validate=\"\" \/><span class=\"hustle-input-label\" aria-hidden=\"true\" style=\"flex-flow: row nowrap;\"><span class=\"hustle-icon-name\"><\/span><span>Name<\/span><\/span><\/div><div class=\"hustle-field hustle-field-icon--static hustle-field-required \"><label for=\"hustle-field-email-module-3\" id=\"hustle-field-email-module-3-label\" class=\"hustle-screen-reader\">Email<\/label><input id=\"hustle-field-email-module-3\" type=\"email\" class=\"hustle-input \" name=\"email\" value=\"\" aria-labelledby=\"hustle-field-email-module-3-label\" data-validate=\"1\" data-required-error=\"Your email is required.\" data-validation-error=\"Please enter a valid email.\" \/><span class=\"hustle-input-label\" aria-hidden=\"true\" style=\"flex-flow: row nowrap;\"><span class=\"hustle-icon-email\"><\/span><span>Email<\/span><\/span><\/div><div class=\"hustle-field hustle-field-icon--static \"><label for=\"hustle-field-phone-module-3\" id=\"hustle-field-phone-module-3-label\" class=\"hustle-screen-reader\">Phone<\/label><input id=\"hustle-field-phone-module-3\" type=\"text\" class=\"hustle-input \" name=\"phone\" value=\"\" aria-labelledby=\"hustle-field-phone-module-3-label\" data-validate=\"\" data-type=\"phone\"\/><span class=\"hustle-input-label\" aria-hidden=\"true\" style=\"flex-flow: row nowrap;\"><span class=\"hustle-icon-phone\"><\/span><span>Phone<\/span><\/span><\/div><div class=\"hustle-field hustle-field-icon--static \"><label for=\"hustle-field-text-module-3\" id=\"hustle-field-text-module-3-label\" class=\"hustle-screen-reader\">Message<\/label><input id=\"hustle-field-text-module-3\" type=\"text\" class=\"hustle-input \" name=\"text\" value=\"\" aria-labelledby=\"hustle-field-text-module-3-label\" data-validate=\"\" \/><span class=\"hustle-input-label\" aria-hidden=\"true\" style=\"flex-flow: row nowrap;\"><span class=\"hustle-icon-text\"><\/span><span>Message<\/span><\/span><\/div><button class=\"hustle-button hustle-button-submit \" aria-live=\"polite\" data-loading-text=\"Form is being submitted, please wait a bit.\"><span class=\"hustle-button-text\">Send<\/span><span class=\"hustle-icon-loader hustle-loading-icon\" aria-hidden=\"true\"><\/span><\/button><input type=\"hidden\" name=\"ip-hidden\" value=\"\"\/><\/div><\/div><input type=\"hidden\" name=\"hustle_module_id\" value=\"3\"><input type=\"hidden\" name=\"post_id\" value=\"0\"><input type=\"hidden\" name=\"hustle_sub_type\" value=\"shortcode\"><div class=\"hustle-error-message\" style=\"display: none;\" data-default-error=\"Something went wrong, please try again.\"><\/div><\/form><\/div><\/div><\/div><\/div><\/div><\/div>[\/vc_column_text][\/vc_column][\/vc_row][vc_row type=&#8221;in_container&#8221; full_screen_row_position=&#8221;middle&#8221; column_margin=&#8221;default&#8221; column_direction=&#8221;default&#8221; column_direction_tablet=&#8221;default&#8221; column_direction_phone=&#8221;default&#8221; scene_position=&#8221;center&#8221; text_color=&#8221;dark&#8221; text_align=&#8221;left&#8221; row_border_radius=&#8221;none&#8221; row_border_radius_applies=&#8221;bg&#8221; overlay_strength=&#8221;0.3&#8243; gradient_direction=&#8221;left_to_right&#8221; shape_divider_position=&#8221;bottom&#8221; bg_image_animation=&#8221;none&#8221;][vc_column column_padding=&#8221;no-extra-padding&#8221; column_padding_tablet=&#8221;inherit&#8221; column_padding_phone=&#8221;inherit&#8221; column_padding_position=&#8221;all&#8221; background_color_opacity=&#8221;1&#8243; background_hover_color_opacity=&#8221;1&#8243; column_shadow=&#8221;none&#8221; column_border_radius=&#8221;none&#8221; column_link_target=&#8221;_self&#8221; gradient_direction=&#8221;left_to_right&#8221; overlay_strength=&#8221;0.3&#8243; width=&#8221;1\/1&#8243; tablet_width_inherit=&#8221;default&#8221; tablet_text_alignment=&#8221;default&#8221; phone_text_alignment=&#8221;default&#8221; column_border_width=&#8221;none&#8221; column_border_style=&#8221;solid&#8221; bg_image_animation=&#8221;none&#8221;][image_with_animation image_url=&#8221;15491&#8243; animation=&#8221;Fade In&#8221; hover_animation=&#8221;none&#8221; alignment=&#8221;&#8221; border_radius=&#8221;none&#8221; box_shadow=&#8221;none&#8221; image_loading=&#8221;default&#8221; max_width=&#8221;100%&#8221; max_width_mobile=&#8221;default&#8221;][\/vc_column][\/vc_row][vc_row type=&#8221;in_container&#8221; full_screen_row_position=&#8221;middle&#8221; column_margin=&#8221;default&#8221; column_direction=&#8221;default&#8221; column_direction_tablet=&#8221;default&#8221; column_direction_phone=&#8221;default&#8221; scene_position=&#8221;center&#8221; text_color=&#8221;dark&#8221; text_align=&#8221;left&#8221; row_border_radius=&#8221;none&#8221; row_border_radius_applies=&#8221;bg&#8221; overlay_strength=&#8221;0.3&#8243; gradient_direction=&#8221;left_to_right&#8221; shape_divider_position=&#8221;bottom&#8221; bg_image_animation=&#8221;none&#8221;][vc_column column_padding=&#8221;no-extra-padding&#8221; column_padding_tablet=&#8221;inherit&#8221; column_padding_phone=&#8221;inherit&#8221; column_padding_position=&#8221;all&#8221; background_color_opacity=&#8221;1&#8243; background_hover_color_opacity=&#8221;1&#8243; column_shadow=&#8221;none&#8221; column_border_radius=&#8221;none&#8221; column_link_target=&#8221;_self&#8221; gradient_direction=&#8221;left_to_right&#8221; overlay_strength=&#8221;0.3&#8243; width=&#8221;1\/1&#8243; tablet_width_inherit=&#8221;default&#8221; tablet_text_alignment=&#8221;default&#8221; phone_text_alignment=&#8221;default&#8221; column_border_width=&#8221;none&#8221; column_border_style=&#8221;solid&#8221; bg_image_animation=&#8221;none&#8221;][divider line_type=&#8221;Full Width Line&#8221; line_thickness=&#8221;2&#8243; divider_color=&#8221;default&#8221;][\/vc_column][\/vc_row][vc_row type=&#8221;in_container&#8221; full_screen_row_position=&#8221;middle&#8221; column_margin=&#8221;default&#8221; column_direction=&#8221;default&#8221; column_direction_tablet=&#8221;default&#8221; column_direction_phone=&#8221;default&#8221; scene_position=&#8221;center&#8221; top_padding=&#8221;-45&#8243; text_color=&#8221;dark&#8221; text_align=&#8221;left&#8221; row_border_radius=&#8221;none&#8221; row_border_radius_applies=&#8221;bg&#8221; overlay_strength=&#8221;0.3&#8243; gradient_direction=&#8221;left_to_right&#8221; shape_divider_position=&#8221;bottom&#8221; bg_image_animation=&#8221;none&#8221; shape_type=&#8221;&#8221;][vc_column column_padding=&#8221;no-extra-padding&#8221; column_padding_tablet=&#8221;inherit&#8221; column_padding_phone=&#8221;inherit&#8221; column_padding_position=&#8221;all&#8221; background_color_opacity=&#8221;1&#8243; background_hover_color_opacity=&#8221;1&#8243; column_shadow=&#8221;none&#8221; column_border_radius=&#8221;none&#8221; column_link_target=&#8221;_self&#8221; gradient_direction=&#8221;left_to_right&#8221; overlay_strength=&#8221;0.3&#8243; width=&#8221;1\/1&#8243; tablet_width_inherit=&#8221;default&#8221; tablet_text_alignment=&#8221;default&#8221; phone_text_alignment=&#8221;default&#8221; column_border_width=&#8221;none&#8221; column_border_style=&#8221;solid&#8221; bg_image_animation=&#8221;none&#8221;][vc_column_text]\n<h3 style=\"text-align: center;\">Nasza oferta<\/h3>\n<p style=\"text-align: center;\" data-start=\"0\" data-end=\"15\">80-100 cm, pakowane po oko\u0142o 250 jod\u0142ach Nordmanna na palet\u0119.<br data-start=\"252\" data-end=\"255\" \/>100-125 cm, pakowane po oko\u0142o 200 jod\u0142ach Nordmanna na palet\u0119.<br data-start=\"317\" data-end=\"320\" \/>125-175 cm, pakowane po oko\u0142o 125 jod\u0142ach Nordmanna na palet\u0119.<br data-start=\"382\" data-end=\"385\" \/>175-200 cm, pakowane po oko\u0142o 80 jod\u0142ach Nordmanna na palet\u0119.<br data-start=\"446\" data-end=\"449\" \/>200-250 cm, pakowane po oko\u0142o 60 jod\u0142ach Nordmanna na palet\u0119.<\/p>\n[\/vc_column_text][\/vc_column][\/vc_row][vc_row type=&#8221;full_width_background&#8221; full_screen_row_position=&#8221;middle&#8221; column_margin=&#8221;default&#8221; column_direction=&#8221;default&#8221; column_direction_tablet=&#8221;default&#8221; column_direction_phone=&#8221;default&#8221; bg_color=&#8221;#23301c&#8221; scene_position=&#8221;center&#8221; top_padding=&#8221;20&#8243; text_color=&#8221;dark&#8221; text_align=&#8221;left&#8221; row_border_radius=&#8221;none&#8221; row_border_radius_applies=&#8221;bg&#8221; overlay_strength=&#8221;0.3&#8243; gradient_direction=&#8221;left_to_right&#8221; shape_divider_position=&#8221;bottom&#8221; bg_image_animation=&#8221;none&#8221; shape_type=&#8221;&#8221;][vc_column column_padding=&#8221;no-extra-padding&#8221; column_padding_tablet=&#8221;inherit&#8221; column_padding_phone=&#8221;inherit&#8221; column_padding_position=&#8221;all&#8221; background_color_opacity=&#8221;1&#8243; background_hover_color_opacity=&#8221;1&#8243; column_shadow=&#8221;none&#8221; column_border_radius=&#8221;none&#8221; column_link_target=&#8221;_self&#8221; gradient_direction=&#8221;left_to_right&#8221; overlay_strength=&#8221;0.3&#8243; width=&#8221;1\/3&#8243; tablet_width_inherit=&#8221;default&#8221; tablet_text_alignment=&#8221;default&#8221; phone_text_alignment=&#8221;default&#8221; column_border_width=&#8221;none&#8221; column_border_style=&#8221;solid&#8221; bg_image_animation=&#8221;none&#8221;][vc_column_text]<span style=\"color: #ffffff;\">KONTAKT<\/span><br \/>\n<span style=\"color: #ffffff;\">Produkcja i sprzeda\u017c:<br \/>\nHou Skovvej 15<\/span><br \/>\n<span style=\"color: #ffffff;\">DK &#8211; 9550 Mariager<\/span><br \/>\n<span style=\"color: #ffffff;\"><a style=\"color: #ffffff;\" href=\"tel:+4588535420\">+45 88 53 54 20<\/a><\/span><br \/>\n<span style=\"color: #ffffff;\"><a style=\"color: #ffffff;\" href=\"mailto:office@danechristmastree.com\">office@danechristmastree.com<\/a><\/span>[\/vc_column_text][\/vc_column][vc_column column_padding=&#8221;no-extra-padding&#8221; column_padding_tablet=&#8221;inherit&#8221; column_padding_phone=&#8221;inherit&#8221; column_padding_position=&#8221;all&#8221; background_color_opacity=&#8221;1&#8243; background_hover_color_opacity=&#8221;1&#8243; column_shadow=&#8221;none&#8221; column_border_radius=&#8221;none&#8221; column_link_target=&#8221;_self&#8221; gradient_direction=&#8221;left_to_right&#8221; overlay_strength=&#8221;0.3&#8243; width=&#8221;1\/3&#8243; tablet_width_inherit=&#8221;default&#8221; tablet_text_alignment=&#8221;default&#8221; phone_text_alignment=&#8221;default&#8221; column_border_width=&#8221;none&#8221; column_border_style=&#8221;solid&#8221; bg_image_animation=&#8221;none&#8221;][vc_column_text]<span style=\"color: #23301c;\">I<\/span><br \/>\n<span style=\"color: #ffffff;\">Siedziba g\u0142\u00f3wna i administracja:<br \/>\n\u00c5rhusvej 109<\/span><br \/>\n<span style=\"color: #ffffff;\">DK &#8211; 8960 Randers S\u00d8<\/span><br \/>\n<span style=\"color: #ffffff;\"><a style=\"color: #ffffff;\" href=\"tel:+4588535420\">+45 88 53 54 20<\/a><\/span><br \/>\n<span style=\"color: #ffffff;\"><a style=\"color: #ffffff;\" href=\"mailto:office@danechristmastree.com\">office@danechristmastree.com<\/a><\/span>[\/vc_column_text][\/vc_column][vc_column column_padding=&#8221;no-extra-padding&#8221; column_padding_tablet=&#8221;inherit&#8221; column_padding_phone=&#8221;inherit&#8221; column_padding_position=&#8221;all&#8221; background_color_opacity=&#8221;1&#8243; background_hover_color_opacity=&#8221;1&#8243; column_shadow=&#8221;none&#8221; column_border_radius=&#8221;none&#8221; column_link_target=&#8221;_self&#8221; gradient_direction=&#8221;left_to_right&#8221; overlay_strength=&#8221;0.3&#8243; width=&#8221;1\/3&#8243; tablet_width_inherit=&#8221;default&#8221; tablet_text_alignment=&#8221;default&#8221; phone_text_alignment=&#8221;default&#8221; column_border_width=&#8221;none&#8221; column_border_style=&#8221;solid&#8221; bg_image_animation=&#8221;none&#8221;][vc_column_text]<span style=\"color: #ffffff;\">Strony:<\/span><br \/>\n<span style=\"color: #ffffff;\"><a style=\"color: #ffffff;\" href=\"https:\/\/danechristmastree.com\/pl\/choinki\/\">Choinki<\/a><\/span><br \/>\n<span style=\"color: #ffffff;\"><a style=\"color: #ffffff;\" href=\"https:\/\/danechristmastree.com\/pl\/zielen-dekoracyjna\/\">Ziele\u0144 dekoracyjna<\/a><\/span><br \/>\n<span style=\"color: #ffffff;\"><a style=\"color: #ffffff;\" href=\"https:\/\/danechristmastree.com\/pl\/uslugi\/\">Us\u0142ugi<\/a><\/span><br \/>\n<span style=\"color: #ffffff;\"><a style=\"color: #ffffff;\" href=\"https:\/\/danechristmastree.com\/pl\/esg\/\">ESG<\/a><\/span><br \/>\n<span style=\"color: #ffffff;\"><a style=\"color: #ffffff;\" href=\"https:\/\/danechristmastree.com\/pl\/produkcja\/\">Produkcja<\/a><\/span><br \/>\n<span style=\"color: #ffffff;\"><a style=\"color: #ffffff;\" href=\"https:\/\/danechristmastree.com\/pl\/kontakt\/\">Kontakt<\/a><\/span>[\/vc_column_text][vc_row_inner column_margin=&#8221;default&#8221; column_direction=&#8221;default&#8221; column_direction_tablet=&#8221;default&#8221; column_direction_phone=&#8221;default&#8221; text_align=&#8221;left&#8221;][vc_column_inner column_padding=&#8221;no-extra-padding&#8221; column_padding_tablet=&#8221;inherit&#8221; column_padding_phone=&#8221;inherit&#8221; column_padding_position=&#8221;all&#8221; background_color_opacity=&#8221;1&#8243; background_hover_color_opacity=&#8221;1&#8243; column_shadow=&#8221;none&#8221; column_border_radius=&#8221;none&#8221; column_link_target=&#8221;_self&#8221; gradient_direction=&#8221;left_to_right&#8221; overlay_strength=&#8221;0.3&#8243; width=&#8221;1\/6&#8243; tablet_width_inherit=&#8221;default&#8221; column_border_width=&#8221;none&#8221; column_border_style=&#8221;solid&#8221; bg_image_animation=&#8221;none&#8221;][nectar_icon icon_family=&#8221;fontawesome&#8221; icon_style=&#8221;default&#8221; icon_color_type=&#8221;color_scheme&#8221; icon_color=&#8221;white&#8221; open_new_tab=&#8221;true&#8221; icon_padding=&#8221;10px&#8221; icon_fontawesome=&#8221;fa fa-facebook-square&#8221; icon_size=&#8221;20&#8243; url=&#8221;https:\/\/www.facebook.com\/danechristmastree\/&#8221; margin_left=&#8221;-10&#8243;][\/vc_column_inner][vc_column_inner column_padding=&#8221;no-extra-padding&#8221; column_padding_tablet=&#8221;inherit&#8221; column_padding_phone=&#8221;inherit&#8221; column_padding_position=&#8221;all&#8221; background_color_opacity=&#8221;1&#8243; background_hover_color_opacity=&#8221;1&#8243; column_shadow=&#8221;none&#8221; column_border_radius=&#8221;none&#8221; column_link_target=&#8221;_self&#8221; gradient_direction=&#8221;left_to_right&#8221; overlay_strength=&#8221;0.3&#8243; width=&#8221;1\/6&#8243; tablet_width_inherit=&#8221;default&#8221; column_border_width=&#8221;none&#8221; column_border_style=&#8221;solid&#8221; bg_image_animation=&#8221;none&#8221;][nectar_icon icon_family=&#8221;fontawesome&#8221; icon_style=&#8221;default&#8221; icon_color_type=&#8221;color_scheme&#8221; icon_color=&#8221;white&#8221; open_new_tab=&#8221;true&#8221; icon_padding=&#8221;10px&#8221; icon_fontawesome=&#8221;fa fa-linkedin-square&#8221; icon_size=&#8221;20&#8243; url=&#8221;https:\/\/www.linkedin.com\/company\/danechristmastree\/&#8221; margin_left=&#8221;-45&#8243;][\/vc_column_inner][vc_column_inner column_padding=&#8221;no-extra-padding&#8221; column_padding_tablet=&#8221;inherit&#8221; column_padding_phone=&#8221;inherit&#8221; column_padding_position=&#8221;all&#8221; background_color_opacity=&#8221;1&#8243; background_hover_color_opacity=&#8221;1&#8243; column_shadow=&#8221;none&#8221; column_border_radius=&#8221;none&#8221; column_link_target=&#8221;_self&#8221; gradient_direction=&#8221;left_to_right&#8221; overlay_strength=&#8221;0.3&#8243; width=&#8221;1\/6&#8243; tablet_width_inherit=&#8221;default&#8221; column_border_width=&#8221;none&#8221; column_border_style=&#8221;solid&#8221; bg_image_animation=&#8221;none&#8221;][\/vc_column_inner][vc_column_inner column_padding=&#8221;no-extra-padding&#8221; column_padding_tablet=&#8221;inherit&#8221; column_padding_phone=&#8221;inherit&#8221; column_padding_position=&#8221;all&#8221; background_color_opacity=&#8221;1&#8243; background_hover_color_opacity=&#8221;1&#8243; column_shadow=&#8221;none&#8221; column_border_radius=&#8221;none&#8221; column_link_target=&#8221;_self&#8221; gradient_direction=&#8221;left_to_right&#8221; overlay_strength=&#8221;0.3&#8243; width=&#8221;1\/6&#8243; tablet_width_inherit=&#8221;default&#8221; column_border_width=&#8221;none&#8221; column_border_style=&#8221;solid&#8221; bg_image_animation=&#8221;none&#8221;][\/vc_column_inner][vc_column_inner column_padding=&#8221;no-extra-padding&#8221; column_padding_tablet=&#8221;inherit&#8221; column_padding_phone=&#8221;inherit&#8221; column_padding_position=&#8221;all&#8221; background_color_opacity=&#8221;1&#8243; background_hover_color_opacity=&#8221;1&#8243; column_shadow=&#8221;none&#8221; column_border_radius=&#8221;none&#8221; column_link_target=&#8221;_self&#8221; gradient_direction=&#8221;left_to_right&#8221; overlay_strength=&#8221;0.3&#8243; width=&#8221;1\/6&#8243; tablet_width_inherit=&#8221;default&#8221; column_border_width=&#8221;none&#8221; column_border_style=&#8221;solid&#8221; bg_image_animation=&#8221;none&#8221;][\/vc_column_inner][vc_column_inner column_padding=&#8221;no-extra-padding&#8221; column_padding_tablet=&#8221;inherit&#8221; column_padding_phone=&#8221;inherit&#8221; column_padding_position=&#8221;all&#8221; background_color_opacity=&#8221;1&#8243; background_hover_color_opacity=&#8221;1&#8243; column_shadow=&#8221;none&#8221; column_border_radius=&#8221;none&#8221; column_link_target=&#8221;_self&#8221; gradient_direction=&#8221;left_to_right&#8221; overlay_strength=&#8221;0.3&#8243; width=&#8221;1\/6&#8243; tablet_width_inherit=&#8221;default&#8221; column_border_width=&#8221;none&#8221; column_border_style=&#8221;solid&#8221; bg_image_animation=&#8221;none&#8221;][\/vc_column_inner][\/vc_row_inner][\/vc_column][\/vc_row]\n","protected":false},"excerpt":{"rendered":"<p>[vc_row type=&#8221;in_container&#8221; full_screen_row_position=&#8221;middle&#8221; column_margin=&#8221;default&#8221; column_direction=&#8221;default&#8221; column_direction_tablet=&#8221;default&#8221; column_direction_phone=&#8221;default&#8221; scene_position=&#8221;center&#8221; text_color=&#8221;dark&#8221; text_align=&#8221;left&#8221; row_border_radius=&#8221;none&#8221; row_border_radius_applies=&#8221;bg&#8221; overlay_strength=&#8221;0.3&#8243; gradient_direction=&#8221;left_to_right&#8221; shape_divider_position=&#8221;bottom&#8221; bg_image_animation=&#8221;none&#8221;][vc_column column_padding=&#8221;no-extra-padding&#8221; column_padding_tablet=&#8221;inherit&#8221; column_padding_phone=&#8221;inherit&#8221; column_padding_position=&#8221;all&#8221; background_color_opacity=&#8221;1&#8243; background_hover_color_opacity=&#8221;1&#8243; column_shadow=&#8221;none&#8221; column_border_radius=&#8221;none&#8221; column_link_target=&#8221;_self&#8221; gradient_direction=&#8221;left_to_right&#8221; overlay_strength=&#8221;0.3&#8243; width=&#8221;1\/1&#8243; tablet_width_inherit=&#8221;default&#8221; tablet_text_alignment=&#8221;default&#8221;&#8230;<\/p>\n","protected":false},"author":2,"featured_media":0,"parent":0,"menu_order":0,"comment_status":"closed","ping_status":"closed","template":"","meta":{"footnotes":""},"class_list":["post-15702","page","type-page","status-publish"],"_links":{"self":[{"href":"https:\/\/danechristmastree.com\/pl\/wp-json\/wp\/v2\/pages\/15702","targetHints":{"allow":["GET"]}}],"collection":[{"href":"https:\/\/danechristmastree.com\/pl\/wp-json\/wp\/v2\/pages"}],"about":[{"href":"https:\/\/danechristmastree.com\/pl\/wp-json\/wp\/v2\/types\/page"}],"author":[{"embeddable":true,"href":"https:\/\/danechristmastree.com\/pl\/wp-json\/wp\/v2\/users\/2"}],"replies":[{"embeddable":true,"href":"https:\/\/danechristmastree.com\/pl\/wp-json\/wp\/v2\/comments?post=15702"}],"version-history":[{"count":0,"href":"https:\/\/danechristmastree.com\/pl\/wp-json\/wp\/v2\/pages\/15702\/revisions"}],"wp:attachment":[{"href":"https:\/\/danechristmastree.com\/pl\/wp-json\/wp\/v2\/media?parent=15702"}],"curies":[{"name":"wp","href":"https:\/\/api.w.org\/{rel}","templated":true}]}}